{"id":17943,"date":"2017-07-25T09:12:04","date_gmt":"2017-07-25T08:12:04","guid":{"rendered":"http:\/\/www.mylene.net\/galeries-photos-mylene-farmer\/?page_id=17943"},"modified":"2025-03-26T11:12:32","modified_gmt":"2025-03-26T10:12:32","slug":"mylene-farmer-tournage-clip-california-1996-photographes-paparazzis","status":"publish","type":"page","link":"https:\/\/mig.mylene.net\/galeries-photos-mylene-farmer\/mylene-farmer-tournage-clip-california-1996-photographes-paparazzis","title":{"rendered":"Myl\u00e8ne Farmer &#8211; Tournage clip California &#8211; 1996 &#8211; Photographes : Paparazzis"},"content":{"rendered":"ngg_shortcode_0_placeholder\n<div class=\"galerie_description\">\n<div class=\"galerie_description_table\">\n<div class=\"galerie_description_line\">\n<div class=\"title themecolored\">Photographes<\/div>\n<div class=\"content\">Divers<\/div>\n<\/div>\n<div class=\"galerie_description_line\">\n<div class=\"title themecolored\">Dates<\/div>\n<div class=\"content\">09, 10 &amp; 11 f\u00e9vrier 1996<\/div>\n<\/div>\n<div class=\"galerie_description_line\">\n<div class=\"title themecolored\">Lieu<\/div>\n<div class=\"content\">Los Angeles, \u00c9tats-Unis<\/div>\n<\/div>\n<\/div>\n<p>&nbsp;<\/p>\n<div class=\"galerie_description_fullline with_border\">\n<p>Photos prises par des paparazzis sur les diff\u00e9rents lieux de tournage du clip California r\u00e9alis\u00e9 par Abel Ferrara.<\/p>\n<p>On reconna\u00eet sur certaines photos aux c\u00f4t\u00e9s de Myl\u00e8ne Farmer Giancarlo Esposito acteur dans le clip ou Fran\u00e7ois Hanss r\u00e9alisateur du making of du clip <em>Dans les coulisses du clip California <\/em>qui sera propos\u00e9 dans les bonnus du DVD <em>Music Videos II&amp;III <\/em>en 2001.<\/p>\n<p>Premi\u00e8re publication connue des photos dans l&rsquo;hebdomadaire \u00ab\u00a0Voici\u00a0\u00bb le 26 f\u00e9vrier 1996.<\/p>\n<p>Page <a href=\"http:\/\/www.mylene.net\/mylene\/c_california.php\">clip <em>California<\/em><\/a><\/p>\n<\/div>\n<\/div>\n","protected":false},"excerpt":{"rendered":"<p>Photographes Divers Dates 09, 10 &amp; 11 f\u00e9vrier 1996 Lieu Los Angeles, \u00c9tats-Unis &nbsp; Photos prises par des paparazzis sur les diff\u00e9rents lieux de tournage du clip California r\u00e9alis\u00e9 par Abel Ferrara. On reconna\u00eet sur certaines photos aux c\u00f4t\u00e9s de Myl\u00e8ne Farmer Giancarlo Esposito acteur dans le clip ou Fran\u00e7ois Hanss r\u00e9alisateur du making of &hellip; <a href=\"https:\/\/mig.mylene.net\/galeries-photos-mylene-farmer\/mylene-farmer-tournage-clip-california-1996-photographes-paparazzis\" class=\"more-link\">Continue reading<span class=\"screen-reader-text\"> \u00ab\u00a0Myl\u00e8ne Farmer &#8211; Tournage clip California &#8211; 1996 &#8211; Photographes : Paparazzis\u00a0\u00bb<\/span><\/a><\/p>\n","protected":false},"author":2,"featured_media":0,"parent":0,"menu_order":0,"comment_status":"closed","ping_status":"closed","template":"","meta":{"_acf_changed":false,"ngg_post_thumbnail":0,"footnotes":""},"class_list":["post-17943","page","type-page","status-publish","hentry"],"acf":[],"_links":{"self":[{"href":"https:\/\/mig.mylene.net\/galeries-photos-mylene-farmer\/wp-json\/wp\/v2\/pages\/17943","targetHints":{"allow":["GET"]}}],"collection":[{"href":"https:\/\/mig.mylene.net\/galeries-photos-mylene-farmer\/wp-json\/wp\/v2\/pages"}],"about":[{"href":"https:\/\/mig.mylene.net\/galeries-photos-mylene-farmer\/wp-json\/wp\/v2\/types\/page"}],"author":[{"embeddable":true,"href":"https:\/\/mig.mylene.net\/galeries-photos-mylene-farmer\/wp-json\/wp\/v2\/users\/2"}],"replies":[{"embeddable":true,"href":"https:\/\/mig.mylene.net\/galeries-photos-mylene-farmer\/wp-json\/wp\/v2\/comments?post=17943"}],"version-history":[{"count":1,"href":"https:\/\/mig.mylene.net\/galeries-photos-mylene-farmer\/wp-json\/wp\/v2\/pages\/17943\/revisions"}],"predecessor-version":[{"id":24725,"href":"https:\/\/mig.mylene.net\/galeries-photos-mylene-farmer\/wp-json\/wp\/v2\/pages\/17943\/revisions\/24725"}],"wp:attachment":[{"href":"https:\/\/mig.mylene.net\/galeries-photos-mylene-farmer\/wp-json\/wp\/v2\/media?parent=17943"}],"curies":[{"name":"wp","href":"https:\/\/api.w.org\/{rel}","templated":true}]}}