{"id":1764,"date":"2016-05-21T19:54:03","date_gmt":"2016-05-21T18:54:03","guid":{"rendered":"http:\/\/www.mylene.net\/mfv3atw\/galeries-photos-mf\/?page_id=1764"},"modified":"2016-05-21T19:54:03","modified_gmt":"2016-05-21T18:54:03","slug":"bernard-mouillon-mai-1986","status":"publish","type":"page","link":"https:\/\/mig.mylene.net\/galeries-photos-mylene-farmer\/bernard-mouillon-mai-1986","title":{"rendered":"Myl\u00e8ne Farmer &#8211; Photographe Bernard Mouillon &#8211; Mai 1986"},"content":{"rendered":"<p><p>Invalid Displayed Gallery<\/p><\/p>\n<p><p>Invalid Displayed Gallery<\/p><\/p>\n<p><p>Invalid Displayed Gallery<\/p><\/p>\n<p><p>Invalid Displayed Gallery<\/p><\/p>\n<p><p>Invalid Displayed Gallery<\/p><\/p>\n<p><p>Invalid Displayed Gallery<\/p><\/p>\n<p><p>Invalid Displayed Gallery<\/p><\/p>\n<div class=\"galerie_description\">\n<div class=\"galerie_description_table\">\n<div class=\"galerie_description_line\">\n<div class=\"title themecolored\">Photographe<\/div>\n<div class=\"content\">Bernard Mouillon<\/div>\n<\/div>\n<div class=\"galerie_description_line\">\n<div class=\"title themecolored\">Date<\/div>\n<div class=\"content\">Mai 1986<\/div>\n<\/div>\n<div class=\"galerie_description_line\">\n<div class=\"title themecolored\">Lieu<\/div>\n<div class=\"content\">Paris, France<\/div>\n<\/div>\n<\/div>\n<\/div>\n<p><\/p>\n<div class=\"galerie_description_fullline with_border\">\n<p>Myl\u00e8ne porte une robe de Kate Barry.<br \/>\nS\u00e9ance photos r\u00e9alis\u00e9e le jour de l&rsquo;enregistrement d&rsquo;une \u00e9mission t\u00e9l\u00e9vis\u00e9e pour Canal Plus, \u00ab\u00a0Z\u00e9nith\u00a0\u00bb.<br \/>\nMyl\u00e8ne portera cette robe dans des \u00e9missions t\u00e9l\u00e9vis\u00e9es en avril ou juin 1986, robe qui a \u00e9t\u00e9 cr\u00e9\u00e9e en trois couleurs diff\u00e9rentes : rouge, noire et bleue nuit.<\/p>\n<\/div>\n","protected":false},"excerpt":{"rendered":"<p>Invalid Displayed Gallery Invalid Displayed Gallery Invalid Displayed Gallery Invalid Displayed Gallery Invalid Displayed Gallery Invalid Displayed Gallery Invalid Displayed Gallery Photographe Bernard Mouillon Date Mai 1986 Lieu Paris, France Myl\u00e8ne porte une robe de Kate Barry. S\u00e9ance photos r\u00e9alis\u00e9e le jour de l&rsquo;enregistrement d&rsquo;une \u00e9mission t\u00e9l\u00e9vis\u00e9e pour Canal Plus, \u00ab\u00a0Z\u00e9nith\u00a0\u00bb. Myl\u00e8ne portera cette robe &hellip; <a href=\"https:\/\/mig.mylene.net\/galeries-photos-mylene-farmer\/bernard-mouillon-mai-1986\" class=\"more-link\">Continue reading<span class=\"screen-reader-text\"> \u00ab\u00a0Myl\u00e8ne Farmer &#8211; Photographe Bernard Mouillon &#8211; Mai 1986\u00a0\u00bb<\/span><\/a><\/p>\n","protected":false},"author":2,"featured_media":0,"parent":0,"menu_order":0,"comment_status":"closed","ping_status":"closed","template":"","meta":{"_acf_changed":false,"ngg_post_thumbnail":0,"footnotes":""},"class_list":["post-1764","page","type-page","status-publish","hentry"],"acf":[],"_links":{"self":[{"href":"https:\/\/mig.mylene.net\/galeries-photos-mylene-farmer\/wp-json\/wp\/v2\/pages\/1764","targetHints":{"allow":["GET"]}}],"collection":[{"href":"https:\/\/mig.mylene.net\/galeries-photos-mylene-farmer\/wp-json\/wp\/v2\/pages"}],"about":[{"href":"https:\/\/mig.mylene.net\/galeries-photos-mylene-farmer\/wp-json\/wp\/v2\/types\/page"}],"author":[{"embeddable":true,"href":"https:\/\/mig.mylene.net\/galeries-photos-mylene-farmer\/wp-json\/wp\/v2\/users\/2"}],"replies":[{"embeddable":true,"href":"https:\/\/mig.mylene.net\/galeries-photos-mylene-farmer\/wp-json\/wp\/v2\/comments?post=1764"}],"version-history":[{"count":0,"href":"https:\/\/mig.mylene.net\/galeries-photos-mylene-farmer\/wp-json\/wp\/v2\/pages\/1764\/revisions"}],"wp:attachment":[{"href":"https:\/\/mig.mylene.net\/galeries-photos-mylene-farmer\/wp-json\/wp\/v2\/media?parent=1764"}],"curies":[{"name":"wp","href":"https:\/\/api.w.org\/{rel}","templated":true}]}}