{"id":1703,"date":"2016-05-21T19:44:04","date_gmt":"2016-05-21T18:44:04","guid":{"rendered":"http:\/\/www.mylene.net\/mfv3atw\/galeries-photos-mf\/?page_id=1703"},"modified":"2025-03-25T11:09:24","modified_gmt":"2025-03-25T10:09:24","slug":"laurent-boutonnat-1986","status":"publish","type":"page","link":"https:\/\/mig.mylene.net\/galeries-photos-mylene-farmer\/laurent-boutonnat-1986","title":{"rendered":"Myl\u00e8ne Farmer &#8211; Photographe Laurent Boutonnat &#8211; 1986"},"content":{"rendered":"ngg_shortcode_0_placeholder\n<div class=\"galerie_description\">\n<div class=\"galerie_description_table\">\n<div class=\"galerie_description_line\">\n<div class=\"title themecolored\">Photographe<\/div>\n<div class=\"content\">Laurent Boutonnat<\/div>\n<\/div>\n<div class=\"galerie_description_line\">\n<div class=\"title themecolored\">Date<\/div>\n<div class=\"content\">1986<\/div>\n<\/div>\n<\/div>\n<\/div>\n<p>&nbsp;<\/p>\n<div class=\"galerie_description_fullline with_border\">\n<p>Deux des photos seront utilis\u00e9es pour l&rsquo;album <em>Cendres de lune<\/em> (dont l&rsquo;une pour la pochette de l&rsquo;album) sorti le 1er avril 1986.<br \/>\nUne photo sera utilis\u00e9e pour la pochette du 45 tours <em>Libertine<\/em> dans sa premi\u00e8re version sortie le 25 mars 1986.<br \/>\nD&rsquo;autres seront utilis\u00e9es pour la promotion de l&rsquo;album dans la presse.<\/p>\n<\/div>\n","protected":false},"excerpt":{"rendered":"<p>Photographe Laurent Boutonnat Date 1986 &nbsp; Deux des photos seront utilis\u00e9es pour l&rsquo;album Cendres de lune (dont l&rsquo;une pour la pochette de l&rsquo;album) sorti le 1er avril 1986. Une photo sera utilis\u00e9e pour la pochette du 45 tours Libertine dans sa premi\u00e8re version sortie le 25 mars 1986. D&rsquo;autres seront utilis\u00e9es pour la promotion de &hellip; <a href=\"https:\/\/mig.mylene.net\/galeries-photos-mylene-farmer\/laurent-boutonnat-1986\" class=\"more-link\">Continue reading<span class=\"screen-reader-text\"> \u00ab\u00a0Myl\u00e8ne Farmer &#8211; Photographe Laurent Boutonnat &#8211; 1986\u00a0\u00bb<\/span><\/a><\/p>\n","protected":false},"author":2,"featured_media":0,"parent":0,"menu_order":0,"comment_status":"closed","ping_status":"closed","template":"","meta":{"_acf_changed":false,"ngg_post_thumbnail":0,"footnotes":""},"class_list":["post-1703","page","type-page","status-publish","hentry"],"acf":[],"_links":{"self":[{"href":"https:\/\/mig.mylene.net\/galeries-photos-mylene-farmer\/wp-json\/wp\/v2\/pages\/1703","targetHints":{"allow":["GET"]}}],"collection":[{"href":"https:\/\/mig.mylene.net\/galeries-photos-mylene-farmer\/wp-json\/wp\/v2\/pages"}],"about":[{"href":"https:\/\/mig.mylene.net\/galeries-photos-mylene-farmer\/wp-json\/wp\/v2\/types\/page"}],"author":[{"embeddable":true,"href":"https:\/\/mig.mylene.net\/galeries-photos-mylene-farmer\/wp-json\/wp\/v2\/users\/2"}],"replies":[{"embeddable":true,"href":"https:\/\/mig.mylene.net\/galeries-photos-mylene-farmer\/wp-json\/wp\/v2\/comments?post=1703"}],"version-history":[{"count":1,"href":"https:\/\/mig.mylene.net\/galeries-photos-mylene-farmer\/wp-json\/wp\/v2\/pages\/1703\/revisions"}],"predecessor-version":[{"id":24381,"href":"https:\/\/mig.mylene.net\/galeries-photos-mylene-farmer\/wp-json\/wp\/v2\/pages\/1703\/revisions\/24381"}],"wp:attachment":[{"href":"https:\/\/mig.mylene.net\/galeries-photos-mylene-farmer\/wp-json\/wp\/v2\/media?parent=1703"}],"curies":[{"name":"wp","href":"https:\/\/api.w.org\/{rel}","templated":true}]}}