{"id":17011,"date":"2017-06-06T19:59:42","date_gmt":"2017-06-06T18:59:42","guid":{"rendered":"http:\/\/www.mylene.net\/galeries-photos-mylene-farmer\/?page_id=17011"},"modified":"2025-03-26T11:10:29","modified_gmt":"2025-03-26T10:10:29","slug":"mylene-farmer-tournage-clip-souviens-toi-du-jour-aout-1999","status":"publish","type":"page","link":"https:\/\/mig.mylene.net\/galeries-photos-mylene-farmer\/mylene-farmer-tournage-clip-souviens-toi-du-jour-aout-1999","title":{"rendered":"Myl\u00e8ne Farmer &#8211; Tournage clip Souviens-toi du jour &#8211; Ao\u00fbt 1999"},"content":{"rendered":"ngg_shortcode_0_placeholder\n<div class=\"galerie_description\">\n<div class=\"galerie_description_table\">\n<div class=\"galerie_description_line\">\n<div class=\"title themecolored\">Photographe<\/div>\n<div class=\"content\">Jeff Dahlgren<\/div>\n<\/div>\n<div class=\"galerie_description_line\">\n<div class=\"title themecolored\">Date<\/div>\n<div class=\"content\">Ao\u00fbt 1999<\/div>\n<\/div>\n<div class=\"galerie_description_line\">\n<div class=\"title themecolored\">Lieu<\/div>\n<div class=\"content\">Los Angeles, Etats-Unis<\/div>\n<\/div>\n<\/div>\n<\/div>\n<p>&nbsp;<\/p>\n<div class=\"galerie_description_fullline with_border\">\n<p>Photo r\u00e9alis\u00e9e sur le tournage du clip par Jeff Dahlgren.<br \/>\nClip r\u00e9alis\u00e9 par Marcus Nispel.<br \/>\nPage <a href=\"http:\/\/www.mylene.net\/mylene\/d_s_stdj_clip.php\">clip <em>Souviens-toi du jour<\/em><\/a><\/p>\n<\/div>\n","protected":false},"excerpt":{"rendered":"<p>Photographe Jeff Dahlgren Date Ao\u00fbt 1999 Lieu Los Angeles, Etats-Unis &nbsp; Photo r\u00e9alis\u00e9e sur le tournage du clip par Jeff Dahlgren. Clip r\u00e9alis\u00e9 par Marcus Nispel. Page clip Souviens-toi du jour<\/p>\n","protected":false},"author":2,"featured_media":0,"parent":0,"menu_order":0,"comment_status":"closed","ping_status":"closed","template":"","meta":{"_acf_changed":false,"ngg_post_thumbnail":0,"footnotes":""},"class_list":["post-17011","page","type-page","status-publish","hentry"],"acf":[],"_links":{"self":[{"href":"https:\/\/mig.mylene.net\/galeries-photos-mylene-farmer\/wp-json\/wp\/v2\/pages\/17011","targetHints":{"allow":["GET"]}}],"collection":[{"href":"https:\/\/mig.mylene.net\/galeries-photos-mylene-farmer\/wp-json\/wp\/v2\/pages"}],"about":[{"href":"https:\/\/mig.mylene.net\/galeries-photos-mylene-farmer\/wp-json\/wp\/v2\/types\/page"}],"author":[{"embeddable":true,"href":"https:\/\/mig.mylene.net\/galeries-photos-mylene-farmer\/wp-json\/wp\/v2\/users\/2"}],"replies":[{"embeddable":true,"href":"https:\/\/mig.mylene.net\/galeries-photos-mylene-farmer\/wp-json\/wp\/v2\/comments?post=17011"}],"version-history":[{"count":1,"href":"https:\/\/mig.mylene.net\/galeries-photos-mylene-farmer\/wp-json\/wp\/v2\/pages\/17011\/revisions"}],"predecessor-version":[{"id":24722,"href":"https:\/\/mig.mylene.net\/galeries-photos-mylene-farmer\/wp-json\/wp\/v2\/pages\/17011\/revisions\/24722"}],"wp:attachment":[{"href":"https:\/\/mig.mylene.net\/galeries-photos-mylene-farmer\/wp-json\/wp\/v2\/media?parent=17011"}],"curies":[{"name":"wp","href":"https:\/\/api.w.org\/{rel}","templated":true}]}}