{"id":1605,"date":"2016-05-21T19:29:24","date_gmt":"2016-05-21T18:29:24","guid":{"rendered":"http:\/\/www.mylene.net\/mfv3atw\/galeries-photos-mf\/?page_id=1605"},"modified":"2025-03-25T10:59:02","modified_gmt":"2025-03-25T09:59:02","slug":"francois-darmigny-1985","status":"publish","type":"page","link":"https:\/\/mig.mylene.net\/galeries-photos-mylene-farmer\/francois-darmigny-1985","title":{"rendered":"Mylene Farmer &#8211; Photographe Francois Darmigny &#8211; 1985"},"content":{"rendered":"ngg_shortcode_0_placeholder\n<div class=\"galerie_description\">\n<div class=\"galerie_description_table\">\n<div class=\"galerie_description_line\">\n<div class=\"title themecolored\">Photographe<\/div>\n<div class=\"content\">Fran\u00e7ois Darmigny<\/div>\n<\/div>\n<div class=\"galerie_description_line\">\n<div class=\"title themecolored\">Date<\/div>\n<div class=\"content\">1985<\/div>\n<\/div>\n<\/div>\n<\/div>\n<p>&nbsp;<\/p>\n<div class=\"galerie_description_fullline with_border\">\n<p>Myl\u00e8ne pose sur ces photos avec la chanteuse canadienne Patti Layne. \u00c0 noter qu&rsquo;elle proposera en 1987 en m\u00eame temps que Myl\u00e8ne une reprise de la chanson de Juliette Gr\u00e9co, <em>D\u00e9shabillez-moi<\/em>.<\/p>\n<\/div>\n","protected":false},"excerpt":{"rendered":"<p>Photographe Fran\u00e7ois Darmigny Date 1985 &nbsp; Myl\u00e8ne pose sur ces photos avec la chanteuse canadienne Patti Layne. \u00c0 noter qu&rsquo;elle proposera en 1987 en m\u00eame temps que Myl\u00e8ne une reprise de la chanson de Juliette Gr\u00e9co, D\u00e9shabillez-moi.<\/p>\n","protected":false},"author":2,"featured_media":0,"parent":0,"menu_order":0,"comment_status":"closed","ping_status":"closed","template":"","meta":{"_acf_changed":false,"ngg_post_thumbnail":0,"footnotes":""},"class_list":["post-1605","page","type-page","status-publish","hentry"],"acf":[],"_links":{"self":[{"href":"https:\/\/mig.mylene.net\/galeries-photos-mylene-farmer\/wp-json\/wp\/v2\/pages\/1605","targetHints":{"allow":["GET"]}}],"collection":[{"href":"https:\/\/mig.mylene.net\/galeries-photos-mylene-farmer\/wp-json\/wp\/v2\/pages"}],"about":[{"href":"https:\/\/mig.mylene.net\/galeries-photos-mylene-farmer\/wp-json\/wp\/v2\/types\/page"}],"author":[{"embeddable":true,"href":"https:\/\/mig.mylene.net\/galeries-photos-mylene-farmer\/wp-json\/wp\/v2\/users\/2"}],"replies":[{"embeddable":true,"href":"https:\/\/mig.mylene.net\/galeries-photos-mylene-farmer\/wp-json\/wp\/v2\/comments?post=1605"}],"version-history":[{"count":1,"href":"https:\/\/mig.mylene.net\/galeries-photos-mylene-farmer\/wp-json\/wp\/v2\/pages\/1605\/revisions"}],"predecessor-version":[{"id":24376,"href":"https:\/\/mig.mylene.net\/galeries-photos-mylene-farmer\/wp-json\/wp\/v2\/pages\/1605\/revisions\/24376"}],"wp:attachment":[{"href":"https:\/\/mig.mylene.net\/galeries-photos-mylene-farmer\/wp-json\/wp\/v2\/media?parent=1605"}],"curies":[{"name":"wp","href":"https:\/\/api.w.org\/{rel}","templated":true}]}}