{"id":1547,"date":"2016-05-21T19:11:31","date_gmt":"2016-05-21T18:11:31","guid":{"rendered":"http:\/\/www.mylene.net\/mfv3atw\/galeries-photos-mf\/?page_id=1547"},"modified":"2025-03-25T10:53:18","modified_gmt":"2025-03-25T09:53:18","slug":"champs-elysees-antenne-2-22-septembre-1984","status":"publish","type":"page","link":"https:\/\/mig.mylene.net\/galeries-photos-mylene-farmer\/champs-elysees-antenne-2-22-septembre-1984","title":{"rendered":"Champs Elys\u00e9es &#8211; Antenne 2 &#8211; 22 septembre 1984"},"content":{"rendered":"ngg_shortcode_0_placeholder\n<div class=\"galerie_description\">\n<div class=\"galerie_description_table\">\n<div class=\"galerie_description_line\">\n<div class=\"title themecolored\">Photographes<\/div>\n<div class=\"content\">Divers<\/div>\n<\/div>\n<div class=\"galerie_description_line\">\n<div class=\"title themecolored\">Date<\/div>\n<div class=\"content\">22 septembre 1984 (diffusion)<\/div>\n<\/div>\n<div class=\"galerie_description_line\">\n<div class=\"title themecolored\">Lieu<\/div>\n<div class=\"content\">Paris, France<\/div>\n<\/div>\n<\/div>\n<\/div>\n<p>&nbsp;<\/p>\n<div class=\"galerie_description_fullline with_border\">\n<p>Emission diffus\u00e9e \u00e0 20h30 sur Antenne 2 et pr\u00e9sent\u00e9e par Michel Drucker.<br \/>\nMyl\u00e8ne interpr\u00e8te <em>Maman a tort<\/em> puis r\u00e9pond \u00e0 une br\u00e8ve interview.<\/p>\n<p><a href=\"http:\/\/www.mylene.net\/modules\/index.php?r=442\">\u00ab\u00a0Champs Elys\u00e9es\u00a0\u00bb &#8211; Infos &amp; Vid\u00e9o<\/a><\/p>\n<\/div>\n","protected":false},"excerpt":{"rendered":"<p>Photographes Divers Date 22 septembre 1984 (diffusion) Lieu Paris, France &nbsp; Emission diffus\u00e9e \u00e0 20h30 sur Antenne 2 et pr\u00e9sent\u00e9e par Michel Drucker. Myl\u00e8ne interpr\u00e8te Maman a tort puis r\u00e9pond \u00e0 une br\u00e8ve interview. \u00ab\u00a0Champs Elys\u00e9es\u00a0\u00bb &#8211; Infos &amp; Vid\u00e9o<\/p>\n","protected":false},"author":2,"featured_media":0,"parent":0,"menu_order":0,"comment_status":"closed","ping_status":"closed","template":"","meta":{"_acf_changed":false,"ngg_post_thumbnail":0,"footnotes":""},"class_list":["post-1547","page","type-page","status-publish","hentry"],"acf":[],"_links":{"self":[{"href":"https:\/\/mig.mylene.net\/galeries-photos-mylene-farmer\/wp-json\/wp\/v2\/pages\/1547","targetHints":{"allow":["GET"]}}],"collection":[{"href":"https:\/\/mig.mylene.net\/galeries-photos-mylene-farmer\/wp-json\/wp\/v2\/pages"}],"about":[{"href":"https:\/\/mig.mylene.net\/galeries-photos-mylene-farmer\/wp-json\/wp\/v2\/types\/page"}],"author":[{"embeddable":true,"href":"https:\/\/mig.mylene.net\/galeries-photos-mylene-farmer\/wp-json\/wp\/v2\/users\/2"}],"replies":[{"embeddable":true,"href":"https:\/\/mig.mylene.net\/galeries-photos-mylene-farmer\/wp-json\/wp\/v2\/comments?post=1547"}],"version-history":[{"count":1,"href":"https:\/\/mig.mylene.net\/galeries-photos-mylene-farmer\/wp-json\/wp\/v2\/pages\/1547\/revisions"}],"predecessor-version":[{"id":24373,"href":"https:\/\/mig.mylene.net\/galeries-photos-mylene-farmer\/wp-json\/wp\/v2\/pages\/1547\/revisions\/24373"}],"wp:attachment":[{"href":"https:\/\/mig.mylene.net\/galeries-photos-mylene-farmer\/wp-json\/wp\/v2\/media?parent=1547"}],"curies":[{"name":"wp","href":"https:\/\/api.w.org\/{rel}","templated":true}]}}