{"id":1539,"date":"2016-05-21T19:10:30","date_gmt":"2016-05-21T18:10:30","guid":{"rendered":"http:\/\/www.mylene.net\/mfv3atw\/galeries-photos-mf\/?page_id=1539"},"modified":"2025-03-25T10:44:05","modified_gmt":"2025-03-25T09:44:05","slug":"jour-j-tf1-29-mars-1984","status":"publish","type":"page","link":"https:\/\/mig.mylene.net\/galeries-photos-mylene-farmer\/jour-j-tf1-29-mars-1984","title":{"rendered":"Jour J &#8211; TF1 &#8211; 29 mars 1984"},"content":{"rendered":"ngg_shortcode_0_placeholder\n<div class=\"galerie_description\">\n<div class=\"galerie_description_table\">\n<div class=\"galerie_description_line\">\n<div class=\"title themecolored\">Photographe<\/div>\n<div class=\"content\">&#8211;<\/div>\n<\/div>\n<div class=\"galerie_description_line\">\n<div class=\"title themecolored\">Date<\/div>\n<div class=\"content\">29 mars 1984 (diffusion)<\/div>\n<\/div>\n<div class=\"galerie_description_line\">\n<div class=\"title themecolored\">Lieu<\/div>\n<div class=\"content\">&#8211;<\/div>\n<\/div>\n<\/div>\n<p>&nbsp;<\/p>\n<div class=\"galerie_description_fullline with_border\">\n<p>Myl\u00e8ne interpr\u00e8te <em>Maman a tort<\/em>.<br \/>\nPremi\u00e8re prestation t\u00e9l\u00e9vis\u00e9e de Myl\u00e8ne chanteuse sur une cha\u00eene de t\u00e9l\u00e9vision nationale.<\/p>\n<p><a href=\"https:\/\/www.mylene.net\/modules\/index.php?r=821\">\u00ab\u00a0Jour J\u00a0\u00bb le 29 mars 1984 sur TF1 &#8211; Infos &amp; vid\u00e9o<\/a><\/p>\n<\/div>\n<\/div>\n","protected":false},"excerpt":{"rendered":"<p>Photographe &#8211; Date 29 mars 1984 (diffusion) Lieu &#8211; &nbsp; Myl\u00e8ne interpr\u00e8te Maman a tort. Premi\u00e8re prestation t\u00e9l\u00e9vis\u00e9e de Myl\u00e8ne chanteuse sur une cha\u00eene de t\u00e9l\u00e9vision nationale. \u00ab\u00a0Jour J\u00a0\u00bb le 29 mars 1984 sur TF1 &#8211; Infos &amp; vid\u00e9o<\/p>\n","protected":false},"author":2,"featured_media":0,"parent":0,"menu_order":0,"comment_status":"closed","ping_status":"closed","template":"","meta":{"_acf_changed":false,"ngg_post_thumbnail":0,"footnotes":""},"class_list":["post-1539","page","type-page","status-publish","hentry"],"acf":[],"_links":{"self":[{"href":"https:\/\/mig.mylene.net\/galeries-photos-mylene-farmer\/wp-json\/wp\/v2\/pages\/1539","targetHints":{"allow":["GET"]}}],"collection":[{"href":"https:\/\/mig.mylene.net\/galeries-photos-mylene-farmer\/wp-json\/wp\/v2\/pages"}],"about":[{"href":"https:\/\/mig.mylene.net\/galeries-photos-mylene-farmer\/wp-json\/wp\/v2\/types\/page"}],"author":[{"embeddable":true,"href":"https:\/\/mig.mylene.net\/galeries-photos-mylene-farmer\/wp-json\/wp\/v2\/users\/2"}],"replies":[{"embeddable":true,"href":"https:\/\/mig.mylene.net\/galeries-photos-mylene-farmer\/wp-json\/wp\/v2\/comments?post=1539"}],"version-history":[{"count":1,"href":"https:\/\/mig.mylene.net\/galeries-photos-mylene-farmer\/wp-json\/wp\/v2\/pages\/1539\/revisions"}],"predecessor-version":[{"id":24372,"href":"https:\/\/mig.mylene.net\/galeries-photos-mylene-farmer\/wp-json\/wp\/v2\/pages\/1539\/revisions\/24372"}],"wp:attachment":[{"href":"https:\/\/mig.mylene.net\/galeries-photos-mylene-farmer\/wp-json\/wp\/v2\/media?parent=1539"}],"curies":[{"name":"wp","href":"https:\/\/api.w.org\/{rel}","templated":true}]}}