{"id":1524,"date":"2016-05-21T19:07:11","date_gmt":"2016-05-21T18:07:11","guid":{"rendered":"http:\/\/www.mylene.net\/mfv3atw\/galeries-photos-mf\/?page_id=1524"},"modified":"2025-03-25T10:42:26","modified_gmt":"2025-03-25T09:42:26","slug":"marcel-thomas-1984","status":"publish","type":"page","link":"https:\/\/mig.mylene.net\/galeries-photos-mylene-farmer\/marcel-thomas-1984","title":{"rendered":"Myl\u00e8ne Farmer &#8211; Photographe Marcel Thomas &#8211; 1984"},"content":{"rendered":"ngg_shortcode_0_placeholder\n<div class=\"galerie_description\">\n<div class=\"galerie_description_table\">\n<div class=\"galerie_description_line\">\n<div class=\"title themecolored\">Photographe<\/div>\n<div class=\"content\">Marcel Thomas<\/div>\n<\/div>\n<div class=\"galerie_description_line\">\n<div class=\"title themecolored\">Date<\/div>\n<div class=\"content\">1984<\/div>\n<\/div>\n<div class=\"galerie_description_line\">\n<div class=\"title themecolored\">Lieu<\/div>\n<div class=\"content\">Paris, France<\/div>\n<\/div>\n<\/div>\n<\/div>\n<p>&nbsp;<\/p>\n<div class=\"galerie_description_fullline with_border\">\n<p>Photo d\u00e9voil\u00e9e pour l&rsquo;exposition \u00ab\u00a0D\u00e9j\u00e0 Stars\u00a0\u00bb au Crous de Paris du 23 f\u00e9vrier au 23 mai 2015 et proposant 400 photos in\u00e9dites de stars avant qu&rsquo;elles ne soient devenues c\u00e9l\u00e8bres.<\/p>\n<\/div>\n","protected":false},"excerpt":{"rendered":"<p>Photographe Marcel Thomas Date 1984 Lieu Paris, France &nbsp; Photo d\u00e9voil\u00e9e pour l&rsquo;exposition \u00ab\u00a0D\u00e9j\u00e0 Stars\u00a0\u00bb au Crous de Paris du 23 f\u00e9vrier au 23 mai 2015 et proposant 400 photos in\u00e9dites de stars avant qu&rsquo;elles ne soient devenues c\u00e9l\u00e8bres.<\/p>\n","protected":false},"author":2,"featured_media":0,"parent":0,"menu_order":0,"comment_status":"closed","ping_status":"closed","template":"","meta":{"_acf_changed":false,"ngg_post_thumbnail":0,"footnotes":""},"class_list":["post-1524","page","type-page","status-publish","hentry"],"acf":[],"_links":{"self":[{"href":"https:\/\/mig.mylene.net\/galeries-photos-mylene-farmer\/wp-json\/wp\/v2\/pages\/1524","targetHints":{"allow":["GET"]}}],"collection":[{"href":"https:\/\/mig.mylene.net\/galeries-photos-mylene-farmer\/wp-json\/wp\/v2\/pages"}],"about":[{"href":"https:\/\/mig.mylene.net\/galeries-photos-mylene-farmer\/wp-json\/wp\/v2\/types\/page"}],"author":[{"embeddable":true,"href":"https:\/\/mig.mylene.net\/galeries-photos-mylene-farmer\/wp-json\/wp\/v2\/users\/2"}],"replies":[{"embeddable":true,"href":"https:\/\/mig.mylene.net\/galeries-photos-mylene-farmer\/wp-json\/wp\/v2\/comments?post=1524"}],"version-history":[{"count":1,"href":"https:\/\/mig.mylene.net\/galeries-photos-mylene-farmer\/wp-json\/wp\/v2\/pages\/1524\/revisions"}],"predecessor-version":[{"id":24370,"href":"https:\/\/mig.mylene.net\/galeries-photos-mylene-farmer\/wp-json\/wp\/v2\/pages\/1524\/revisions\/24370"}],"wp:attachment":[{"href":"https:\/\/mig.mylene.net\/galeries-photos-mylene-farmer\/wp-json\/wp\/v2\/media?parent=1524"}],"curies":[{"name":"wp","href":"https:\/\/api.w.org\/{rel}","templated":true}]}}