{"id":1491,"date":"2016-05-21T19:00:44","date_gmt":"2016-05-21T18:00:44","guid":{"rendered":"http:\/\/www.mylene.net\/mfv3atw\/galeries-photos-mf\/?page_id=1491"},"modified":"2025-08-22T23:13:44","modified_gmt":"2025-08-22T21:13:44","slug":"bernard-mouillon-decembre-1984","status":"publish","type":"page","link":"https:\/\/mig.mylene.net\/galeries-photos-mylene-farmer\/bernard-mouillon-decembre-1984","title":{"rendered":"Myl\u00e8ne Farmer &#8211; Photographe Bernard Mouillon &#8211; D\u00e9cembre 1984"},"content":{"rendered":"ngg_shortcode_0_placeholder\n<div class=\"galerie_description\">\n<div class=\"galerie_description_table\">\n<div class=\"galerie_description_line\">\n<div class=\"title themecolored\">Photographe<\/div>\n<div class=\"content\">Bernard Mouillon<\/div>\n<\/div>\n<div class=\"galerie_description_line\">\n<div class=\"title themecolored\">Date<\/div>\n<div class=\"content\">D\u00e9cembre 1984<\/div>\n<\/div>\n<div class=\"galerie_description_line\">\n<div class=\"title themecolored\">Lieu<\/div>\n<div class=\"content\">L&rsquo;Alpe d&rsquo;Huez, France<\/div>\n<\/div>\n<\/div>\n<\/div>\n<p>&nbsp;<\/p>\n<div class=\"galerie_description_fullline with_border\">\n<p>Myl\u00e8ne devait donner un gala \u00e0 Grenoble avec Jeanne Mas, Vivien Savage, Axel Bauer et Catherine Ferry. Un gala organis\u00e9 par une radio libre locale. \u00c0 leur arriv\u00e9e, l&rsquo;organisateur avait disparu et le gala fut annul\u00e9. Les artistes ont alors d\u00e9cid\u00e9 de se consoler en passant un week-end de d\u00e9tente \u00e0 l&rsquo;Alpe d&rsquo;Huez.<\/p>\n<p>Premi\u00e8re publication des photos dans le num\u00e9ro du 14 janvier 1985 du magazine \u00ab\u00a0OK !\u00a0\u00bb.<\/p>\n<\/div>\n","protected":false},"excerpt":{"rendered":"<p>Photographe Bernard Mouillon Date D\u00e9cembre 1984 Lieu L&rsquo;Alpe d&rsquo;Huez, France &nbsp; Myl\u00e8ne devait donner un gala \u00e0 Grenoble avec Jeanne Mas, Vivien Savage, Axel Bauer et Catherine Ferry. Un gala organis\u00e9 par une radio libre locale. \u00c0 leur arriv\u00e9e, l&rsquo;organisateur avait disparu et le gala fut annul\u00e9. Les artistes ont alors d\u00e9cid\u00e9 de se consoler &hellip; <a href=\"https:\/\/mig.mylene.net\/galeries-photos-mylene-farmer\/bernard-mouillon-decembre-1984\" class=\"more-link\">Continue reading<span class=\"screen-reader-text\"> \u00ab\u00a0Myl\u00e8ne Farmer &#8211; Photographe Bernard Mouillon &#8211; D\u00e9cembre 1984\u00a0\u00bb<\/span><\/a><\/p>\n","protected":false},"author":2,"featured_media":0,"parent":0,"menu_order":0,"comment_status":"closed","ping_status":"closed","template":"","meta":{"_acf_changed":false,"ngg_post_thumbnail":0,"footnotes":""},"class_list":["post-1491","page","type-page","status-publish","hentry"],"acf":[],"_links":{"self":[{"href":"https:\/\/mig.mylene.net\/galeries-photos-mylene-farmer\/wp-json\/wp\/v2\/pages\/1491","targetHints":{"allow":["GET"]}}],"collection":[{"href":"https:\/\/mig.mylene.net\/galeries-photos-mylene-farmer\/wp-json\/wp\/v2\/pages"}],"about":[{"href":"https:\/\/mig.mylene.net\/galeries-photos-mylene-farmer\/wp-json\/wp\/v2\/types\/page"}],"author":[{"embeddable":true,"href":"https:\/\/mig.mylene.net\/galeries-photos-mylene-farmer\/wp-json\/wp\/v2\/users\/2"}],"replies":[{"embeddable":true,"href":"https:\/\/mig.mylene.net\/galeries-photos-mylene-farmer\/wp-json\/wp\/v2\/comments?post=1491"}],"version-history":[{"count":1,"href":"https:\/\/mig.mylene.net\/galeries-photos-mylene-farmer\/wp-json\/wp\/v2\/pages\/1491\/revisions"}],"predecessor-version":[{"id":24976,"href":"https:\/\/mig.mylene.net\/galeries-photos-mylene-farmer\/wp-json\/wp\/v2\/pages\/1491\/revisions\/24976"}],"wp:attachment":[{"href":"https:\/\/mig.mylene.net\/galeries-photos-mylene-farmer\/wp-json\/wp\/v2\/media?parent=1491"}],"curies":[{"name":"wp","href":"https:\/\/api.w.org\/{rel}","templated":true}]}}