{"id":14824,"date":"2016-09-24T19:26:33","date_gmt":"2016-09-24T18:26:33","guid":{"rendered":"http:\/\/www.mylene.net\/galeries-photos-mylene-farmer\/?page_id=14824"},"modified":"2025-03-26T10:41:42","modified_gmt":"2025-03-26T09:41:42","slug":"mylene-farmer-tournage-clip-stolen-car-photographe-bruno-aveillan","status":"publish","type":"page","link":"https:\/\/mig.mylene.net\/galeries-photos-mylene-farmer\/mylene-farmer-tournage-clip-stolen-car-photographe-bruno-aveillan","title":{"rendered":"Myl\u00e8ne Farmer &#8211; Tournage clip Stolen Car &#8211; Photographe : Bruno Aveillan"},"content":{"rendered":"ngg_shortcode_0_placeholder\n<div class=\"galerie_description\">\n<div class=\"galerie_description_table\">\n<div class=\"galerie_description_line\">\n<div class=\"title themecolored\">Photographe<\/div>\n<div class=\"content\">Bruno Aveillan<\/div>\n<\/div>\n<div class=\"galerie_description_line\">\n<div class=\"title themecolored\">Dates<\/div>\n<div class=\"content\">02 septembre 2015<\/div>\n<\/div>\n<div class=\"galerie_description_line\">\n<div class=\"title themecolored\">Lieu<\/div>\n<div class=\"content\">Quai de la Tourelle, Paris, France<\/div>\n<\/div>\n<\/div>\n<\/div>\n<p>&nbsp;<\/p>\n<div class=\"galerie_description_fullline with_border\">\n<p>Photo prise le second jour du tournage du clip <em>Stolen Car<\/em> par le r\u00e9alisateur Bruno Aveillan.<br \/>\nPremi\u00e8re publication sur le compte instagram innangelo (qui a cr\u00e9\u00e9 le foulard port\u00e9 par Myl\u00e8ne dans le clip et sur la photo).<\/p>\n<\/div>\n","protected":false},"excerpt":{"rendered":"<p>Photographe Bruno Aveillan Dates 02 septembre 2015 Lieu Quai de la Tourelle, Paris, France &nbsp; Photo prise le second jour du tournage du clip Stolen Car par le r\u00e9alisateur Bruno Aveillan. Premi\u00e8re publication sur le compte instagram innangelo (qui a cr\u00e9\u00e9 le foulard port\u00e9 par Myl\u00e8ne dans le clip et sur la photo).<\/p>\n","protected":false},"author":2,"featured_media":0,"parent":0,"menu_order":0,"comment_status":"closed","ping_status":"closed","template":"","meta":{"_acf_changed":false,"ngg_post_thumbnail":0,"footnotes":""},"class_list":["post-14824","page","type-page","status-publish","hentry"],"acf":[],"_links":{"self":[{"href":"https:\/\/mig.mylene.net\/galeries-photos-mylene-farmer\/wp-json\/wp\/v2\/pages\/14824","targetHints":{"allow":["GET"]}}],"collection":[{"href":"https:\/\/mig.mylene.net\/galeries-photos-mylene-farmer\/wp-json\/wp\/v2\/pages"}],"about":[{"href":"https:\/\/mig.mylene.net\/galeries-photos-mylene-farmer\/wp-json\/wp\/v2\/types\/page"}],"author":[{"embeddable":true,"href":"https:\/\/mig.mylene.net\/galeries-photos-mylene-farmer\/wp-json\/wp\/v2\/users\/2"}],"replies":[{"embeddable":true,"href":"https:\/\/mig.mylene.net\/galeries-photos-mylene-farmer\/wp-json\/wp\/v2\/comments?post=14824"}],"version-history":[{"count":1,"href":"https:\/\/mig.mylene.net\/galeries-photos-mylene-farmer\/wp-json\/wp\/v2\/pages\/14824\/revisions"}],"predecessor-version":[{"id":24710,"href":"https:\/\/mig.mylene.net\/galeries-photos-mylene-farmer\/wp-json\/wp\/v2\/pages\/14824\/revisions\/24710"}],"wp:attachment":[{"href":"https:\/\/mig.mylene.net\/galeries-photos-mylene-farmer\/wp-json\/wp\/v2\/media?parent=14824"}],"curies":[{"name":"wp","href":"https:\/\/api.w.org\/{rel}","templated":true}]}}