{"id":1455,"date":"2016-05-21T18:57:10","date_gmt":"2016-05-21T17:57:10","guid":{"rendered":"http:\/\/www.mylene.net\/mfv3atw\/galeries-photos-mf\/?page_id=1455"},"modified":"2025-08-13T11:44:35","modified_gmt":"2025-08-13T09:44:35","slug":"jean-patrick-gamet-octobre-1984","status":"publish","type":"page","link":"https:\/\/mig.mylene.net\/galeries-photos-mylene-farmer\/jean-patrick-gamet-octobre-1984","title":{"rendered":"Myl\u00e8ne Farmer &#8211; Photographe Jean-Patrick Gamet &#8211; Octobre 1984"},"content":{"rendered":"<p>ngg_shortcode_0_placeholder<br \/>\nngg_shortcode_1_placeholder<br \/>\nngg_shortcode_2_placeholder<\/p>\n<div class=\"galerie_description\">\n<div class=\"galerie_description_table\">\n<div class=\"galerie_description_line\">\n<div class=\"title themecolored\">Photographe<\/div>\n<div class=\"content\">Jean-Patrick Gamet<\/div>\n<\/div>\n<div class=\"galerie_description_line\">\n<div class=\"title themecolored\">Date<\/div>\n<div class=\"content\">Octobre 1984<\/div>\n<\/div>\n<div class=\"galerie_description_line\">\n<div class=\"title themecolored\">Lieu<\/div>\n<div class=\"content\">Paris, France<\/div>\n<\/div>\n<\/div>\n<\/div>\n<p>&nbsp;<\/p>\n<div class=\"galerie_description_fullline with_border\">\n<p>\u00a9 JEAN-PATRICK GAMET\/ARCHIVES FILIPACCHI SCOOP<\/p>\n<p>Des photos ont \u00e9t\u00e9 r\u00e9alis\u00e9es dans les rues de Paris, dans une gare et d&rsquo;autres au domicile parisien de Myl\u00e8ne.<\/p>\n<p>Premi\u00e8re publication dans le magazine \u00ab\u00a0Salut\u00a0\u00bb le 07 novembre 1984.<\/p>\n<\/div>\n","protected":false},"excerpt":{"rendered":"<p>Photographe Jean-Patrick Gamet Date Octobre 1984 Lieu Paris, France &nbsp; \u00a9 JEAN-PATRICK GAMET\/ARCHIVES FILIPACCHI SCOOP Des photos ont \u00e9t\u00e9 r\u00e9alis\u00e9es dans les rues de Paris, dans une gare et d&rsquo;autres au domicile parisien de Myl\u00e8ne. Premi\u00e8re publication dans le magazine \u00ab\u00a0Salut\u00a0\u00bb le 07 novembre 1984.<\/p>\n","protected":false},"author":2,"featured_media":0,"parent":0,"menu_order":0,"comment_status":"closed","ping_status":"closed","template":"","meta":{"_acf_changed":false,"ngg_post_thumbnail":0,"footnotes":""},"class_list":["post-1455","page","type-page","status-publish","hentry"],"acf":[],"_links":{"self":[{"href":"https:\/\/mig.mylene.net\/galeries-photos-mylene-farmer\/wp-json\/wp\/v2\/pages\/1455","targetHints":{"allow":["GET"]}}],"collection":[{"href":"https:\/\/mig.mylene.net\/galeries-photos-mylene-farmer\/wp-json\/wp\/v2\/pages"}],"about":[{"href":"https:\/\/mig.mylene.net\/galeries-photos-mylene-farmer\/wp-json\/wp\/v2\/types\/page"}],"author":[{"embeddable":true,"href":"https:\/\/mig.mylene.net\/galeries-photos-mylene-farmer\/wp-json\/wp\/v2\/users\/2"}],"replies":[{"embeddable":true,"href":"https:\/\/mig.mylene.net\/galeries-photos-mylene-farmer\/wp-json\/wp\/v2\/comments?post=1455"}],"version-history":[{"count":2,"href":"https:\/\/mig.mylene.net\/galeries-photos-mylene-farmer\/wp-json\/wp\/v2\/pages\/1455\/revisions"}],"predecessor-version":[{"id":24910,"href":"https:\/\/mig.mylene.net\/galeries-photos-mylene-farmer\/wp-json\/wp\/v2\/pages\/1455\/revisions\/24910"}],"wp:attachment":[{"href":"https:\/\/mig.mylene.net\/galeries-photos-mylene-farmer\/wp-json\/wp\/v2\/media?parent=1455"}],"curies":[{"name":"wp","href":"https:\/\/api.w.org\/{rel}","templated":true}]}}