{"id":14154,"date":"2016-08-09T10:28:26","date_gmt":"2016-08-09T09:28:26","guid":{"rendered":"http:\/\/www.mylene.net\/galeries-photos-mylene-farmer\/?page_id=14154"},"modified":"2025-03-26T10:39:02","modified_gmt":"2025-03-26T09:39:02","slug":"mylene-farmer-les-uns-et-les-autres-tf1-22-avril-1988","status":"publish","type":"page","link":"https:\/\/mig.mylene.net\/galeries-photos-mylene-farmer\/mylene-farmer-les-uns-et-les-autres-tf1-22-avril-1988","title":{"rendered":"Myl\u00e8ne Farmer &#8211; Les uns et les autres &#8211; TF1 &#8211; 22 avril 1988"},"content":{"rendered":"ngg_shortcode_0_placeholder\n<div class=\"galerie_description\">\n<div class=\"galerie_description_table\">\n<div class=\"galerie_description_line\">\n<div class=\"title themecolored\">Photographe<\/div>\n<div class=\"content\">&#8211;<\/div>\n<\/div>\n<div class=\"galerie_description_line\">\n<div class=\"title themecolored\">Date<\/div>\n<div class=\"content\">22 avril 1988 (diffusion)<\/div>\n<\/div>\n<div class=\"galerie_description_line\">\n<div class=\"title themecolored\">Lieu<\/div>\n<div class=\"content\">Paris, France<\/div>\n<\/div>\n<\/div>\n<\/div>\n<p>&nbsp;<\/p>\n<div class=\"galerie_description_fullline with_border\">\n<p>Myl\u00e8ne interpr\u00e8te pour la premi\u00e8re fois \u00e0 la t\u00e9l\u00e9vision <em>Ainsi soit je&#8230;<\/em><\/p>\n<p><a href=\"http:\/\/www.mylene.net\/modules\/index.php?r=309\">\u00ab\u00a0Les Uns et les autres\u00a0\u00bb le 22 avril 1988 &#8211; Infos &amp; Vid\u00e9os<\/a><\/p>\n<\/div>\n","protected":false},"excerpt":{"rendered":"<p>Photographe &#8211; Date 22 avril 1988 (diffusion) Lieu Paris, France &nbsp; Myl\u00e8ne interpr\u00e8te pour la premi\u00e8re fois \u00e0 la t\u00e9l\u00e9vision Ainsi soit je&#8230; \u00ab\u00a0Les Uns et les autres\u00a0\u00bb le 22 avril 1988 &#8211; Infos &amp; Vid\u00e9os<\/p>\n","protected":false},"author":2,"featured_media":0,"parent":0,"menu_order":0,"comment_status":"closed","ping_status":"closed","template":"","meta":{"_acf_changed":false,"ngg_post_thumbnail":0,"footnotes":""},"class_list":["post-14154","page","type-page","status-publish","hentry"],"acf":[],"_links":{"self":[{"href":"https:\/\/mig.mylene.net\/galeries-photos-mylene-farmer\/wp-json\/wp\/v2\/pages\/14154","targetHints":{"allow":["GET"]}}],"collection":[{"href":"https:\/\/mig.mylene.net\/galeries-photos-mylene-farmer\/wp-json\/wp\/v2\/pages"}],"about":[{"href":"https:\/\/mig.mylene.net\/galeries-photos-mylene-farmer\/wp-json\/wp\/v2\/types\/page"}],"author":[{"embeddable":true,"href":"https:\/\/mig.mylene.net\/galeries-photos-mylene-farmer\/wp-json\/wp\/v2\/users\/2"}],"replies":[{"embeddable":true,"href":"https:\/\/mig.mylene.net\/galeries-photos-mylene-farmer\/wp-json\/wp\/v2\/comments?post=14154"}],"version-history":[{"count":1,"href":"https:\/\/mig.mylene.net\/galeries-photos-mylene-farmer\/wp-json\/wp\/v2\/pages\/14154\/revisions"}],"predecessor-version":[{"id":24706,"href":"https:\/\/mig.mylene.net\/galeries-photos-mylene-farmer\/wp-json\/wp\/v2\/pages\/14154\/revisions\/24706"}],"wp:attachment":[{"href":"https:\/\/mig.mylene.net\/galeries-photos-mylene-farmer\/wp-json\/wp\/v2\/media?parent=14154"}],"curies":[{"name":"wp","href":"https:\/\/api.w.org\/{rel}","templated":true}]}}