{"id":1413,"date":"2016-05-21T18:50:21","date_gmt":"2016-05-21T17:50:21","guid":{"rendered":"http:\/\/www.mylene.net\/mfv3atw\/galeries-photos-mf\/?page_id=1413"},"modified":"2025-03-25T10:39:48","modified_gmt":"2025-03-25T09:39:48","slug":"magazine-numero-1-1984","status":"publish","type":"page","link":"https:\/\/mig.mylene.net\/galeries-photos-mylene-farmer\/magazine-numero-1-1984","title":{"rendered":"Myl\u00e8ne Farmer &#8211; Magazine Num\u00e9ro 1 &#8211; \u00c9t\u00e9 1984"},"content":{"rendered":"ngg_shortcode_0_placeholder\n<div class=\"galerie_description\">\n<div class=\"galerie_description_table\">\n<div class=\"galerie_description_line\">\n<div class=\"title themecolored\">Photographe<\/div>\n<div class=\"content\">Inconnu<\/div>\n<\/div>\n<div class=\"galerie_description_line\">\n<div class=\"title themecolored\">Date<\/div>\n<div class=\"content\">Et\u00e9 1984<\/div>\n<\/div>\n<div class=\"galerie_description_line\">\n<div class=\"title themecolored\">Lieu<\/div>\n<div class=\"content\">Bois de Vincennes, France<\/div>\n<\/div>\n<\/div>\n<\/div>\n<p>&nbsp;<\/p>\n<div class=\"galerie_description_fullline with_border\">\n<p>S\u00e9ance photos pour une interview crois\u00e9e des chanteurs Myl\u00e8ne Farmer, Douchka, Alain Lanty et Michael Walt publi\u00e9e dans le num\u00e9ro de septembre 1984 du magazine \u00ab\u00a0Num\u00e9ro 1\u00a0\u00bb.<\/p>\n<\/div>\n","protected":false},"excerpt":{"rendered":"<p>Photographe Inconnu Date Et\u00e9 1984 Lieu Bois de Vincennes, France &nbsp; S\u00e9ance photos pour une interview crois\u00e9e des chanteurs Myl\u00e8ne Farmer, Douchka, Alain Lanty et Michael Walt publi\u00e9e dans le num\u00e9ro de septembre 1984 du magazine \u00ab\u00a0Num\u00e9ro 1\u00a0\u00bb.<\/p>\n","protected":false},"author":2,"featured_media":0,"parent":0,"menu_order":0,"comment_status":"closed","ping_status":"closed","template":"","meta":{"_acf_changed":false,"ngg_post_thumbnail":0,"footnotes":""},"class_list":["post-1413","page","type-page","status-publish","hentry"],"acf":[],"_links":{"self":[{"href":"https:\/\/mig.mylene.net\/galeries-photos-mylene-farmer\/wp-json\/wp\/v2\/pages\/1413","targetHints":{"allow":["GET"]}}],"collection":[{"href":"https:\/\/mig.mylene.net\/galeries-photos-mylene-farmer\/wp-json\/wp\/v2\/pages"}],"about":[{"href":"https:\/\/mig.mylene.net\/galeries-photos-mylene-farmer\/wp-json\/wp\/v2\/types\/page"}],"author":[{"embeddable":true,"href":"https:\/\/mig.mylene.net\/galeries-photos-mylene-farmer\/wp-json\/wp\/v2\/users\/2"}],"replies":[{"embeddable":true,"href":"https:\/\/mig.mylene.net\/galeries-photos-mylene-farmer\/wp-json\/wp\/v2\/comments?post=1413"}],"version-history":[{"count":1,"href":"https:\/\/mig.mylene.net\/galeries-photos-mylene-farmer\/wp-json\/wp\/v2\/pages\/1413\/revisions"}],"predecessor-version":[{"id":24367,"href":"https:\/\/mig.mylene.net\/galeries-photos-mylene-farmer\/wp-json\/wp\/v2\/pages\/1413\/revisions\/24367"}],"wp:attachment":[{"href":"https:\/\/mig.mylene.net\/galeries-photos-mylene-farmer\/wp-json\/wp\/v2\/media?parent=1413"}],"curies":[{"name":"wp","href":"https:\/\/api.w.org\/{rel}","templated":true}]}}