{"id":13735,"date":"2016-07-01T19:22:23","date_gmt":"2016-07-01T18:22:23","guid":{"rendered":"http:\/\/www.mylene.net\/galeries-photos-mylene-farmer\/?page_id=13735"},"modified":"2025-03-26T10:37:46","modified_gmt":"2025-03-26T09:37:46","slug":"radio-baie-des-anges-1984","status":"publish","type":"page","link":"https:\/\/mig.mylene.net\/galeries-photos-mylene-farmer\/radio-baie-des-anges-1984","title":{"rendered":"Myl\u00e8ne Farmer &#8211; Radio Baie des Anges &#8211; 1984"},"content":{"rendered":"ngg_shortcode_0_placeholder\n<div class=\"galerie_description\">\n<div class=\"galerie_description_table\">\n<div class=\"galerie_description_line\">\n<div class=\"title themecolored\">Photographe<\/div>\n<div class=\"content\">&#8211;<\/div>\n<\/div>\n<div class=\"galerie_description_line\">\n<div class=\"title themecolored\">Date<\/div>\n<div class=\"content\">Et\u00e9 1984<\/div>\n<\/div>\n<div class=\"galerie_description_line\">\n<div class=\"title themecolored\">Lieu<\/div>\n<div class=\"content\">Nice, France<\/div>\n<\/div>\n<\/div>\n<\/div>\n<p>&nbsp;<\/p>\n<div class=\"galerie_description_fullline with_border\">\n<p>Myl\u00e8ne est l&rsquo;invit\u00e9e de cette radio r\u00e9gionale pour la promotion du 45 tours <em>Maman a tort<\/em>.<\/p>\n<p>Des photos de <a href=\"https:\/\/www.mylene.net\/galeries-photos-mylene-farmer\/photographe\/pierre-perrin\">Pierre Perrin<\/a> et <a href=\"https:\/\/www.mylene.net\/galeries-photos-mylene-farmer\/photographe\/jean-marie-rouget\">Jean-Marie Rouget<\/a> ont \u00e9t\u00e9 r\u00e9alis\u00e9es \u00e0 Nice \u00e0 la m\u00eame \u00e9poque.<\/p>\n<\/div>\n","protected":false},"excerpt":{"rendered":"<p>Photographe &#8211; Date Et\u00e9 1984 Lieu Nice, France &nbsp; Myl\u00e8ne est l&rsquo;invit\u00e9e de cette radio r\u00e9gionale pour la promotion du 45 tours Maman a tort. Des photos de Pierre Perrin et Jean-Marie Rouget ont \u00e9t\u00e9 r\u00e9alis\u00e9es \u00e0 Nice \u00e0 la m\u00eame \u00e9poque.<\/p>\n","protected":false},"author":2,"featured_media":0,"parent":0,"menu_order":0,"comment_status":"closed","ping_status":"closed","template":"","meta":{"_acf_changed":false,"ngg_post_thumbnail":0,"footnotes":""},"class_list":["post-13735","page","type-page","status-publish","hentry"],"acf":[],"_links":{"self":[{"href":"https:\/\/mig.mylene.net\/galeries-photos-mylene-farmer\/wp-json\/wp\/v2\/pages\/13735","targetHints":{"allow":["GET"]}}],"collection":[{"href":"https:\/\/mig.mylene.net\/galeries-photos-mylene-farmer\/wp-json\/wp\/v2\/pages"}],"about":[{"href":"https:\/\/mig.mylene.net\/galeries-photos-mylene-farmer\/wp-json\/wp\/v2\/types\/page"}],"author":[{"embeddable":true,"href":"https:\/\/mig.mylene.net\/galeries-photos-mylene-farmer\/wp-json\/wp\/v2\/users\/2"}],"replies":[{"embeddable":true,"href":"https:\/\/mig.mylene.net\/galeries-photos-mylene-farmer\/wp-json\/wp\/v2\/comments?post=13735"}],"version-history":[{"count":1,"href":"https:\/\/mig.mylene.net\/galeries-photos-mylene-farmer\/wp-json\/wp\/v2\/pages\/13735\/revisions"}],"predecessor-version":[{"id":24704,"href":"https:\/\/mig.mylene.net\/galeries-photos-mylene-farmer\/wp-json\/wp\/v2\/pages\/13735\/revisions\/24704"}],"wp:attachment":[{"href":"https:\/\/mig.mylene.net\/galeries-photos-mylene-farmer\/wp-json\/wp\/v2\/media?parent=13735"}],"curies":[{"name":"wp","href":"https:\/\/api.w.org\/{rel}","templated":true}]}}