{"id":12470,"date":"2016-06-08T10:34:00","date_gmt":"2016-06-08T09:34:00","guid":{"rendered":"http:\/\/www.mylene.net\/galeries-photos-mylene-farmer\/?page_id=12470"},"modified":"2025-03-26T10:33:39","modified_gmt":"2025-03-26T09:33:39","slug":"photographe-nathalie-delepine-2012-2","status":"publish","type":"page","link":"https:\/\/mig.mylene.net\/galeries-photos-mylene-farmer\/photographe-nathalie-delepine-2012-2","title":{"rendered":"Myl\u00e8ne Farmer &#8211; Photographe Nathalie Del\u00e9pine &#8211; 2012 (2)"},"content":{"rendered":"ngg_shortcode_0_placeholder\n<div class=\"galerie_description\">\n<div class=\"galerie_description_table\">\n<div class=\"galerie_description_line\">\n<div class=\"title themecolored\">Photographe<\/div>\n<div class=\"content\">Nathalie Del\u00e9pine<\/div>\n<\/div>\n<div class=\"galerie_description_line\">\n<div class=\"title themecolored\">Date<\/div>\n<div class=\"content\">Novembre 2012<\/div>\n<\/div>\n<div class=\"galerie_description_line\">\n<div class=\"title themecolored\">Lieu<\/div>\n<div class=\"content\">Parc zoologique du Bois d&rsquo;Attilly, France<\/div>\n<\/div>\n<\/div>\n<\/div>\n<p>&nbsp;<\/p>\n<div class=\"galerie_description_fullline with_border\">\n<p>Myl\u00e8ne pose avec Betty un gibbon (femelle) de quatre ans qui avait \u00e9t\u00e9 vol\u00e9e \u00e0 l&rsquo;\u00e2ge de trois mois et retrouv\u00e9e huit mois plus tard. C&rsquo;est gr\u00e2ce \u00e0 Vincent Lindon que Myl\u00e8ne a d\u00e9couvert Betty. L&rsquo;acteur avait fait une vid\u00e9o d&rsquo;elle lors du tournage du film <em>Augustine<\/em>. Myl\u00e8ne a alors contact\u00e9 le parc zoologique o\u00f9 elle vit pour la rencontrer.<\/p>\n<p>Premi\u00e8re publication des photos dans \u00ab\u00a0TV Magazine\u00a0\u00bb le 23 novembre 2012.<\/p>\n<\/div>\n","protected":false},"excerpt":{"rendered":"<p>Photographe Nathalie Del\u00e9pine Date Novembre 2012 Lieu Parc zoologique du Bois d&rsquo;Attilly, France &nbsp; Myl\u00e8ne pose avec Betty un gibbon (femelle) de quatre ans qui avait \u00e9t\u00e9 vol\u00e9e \u00e0 l&rsquo;\u00e2ge de trois mois et retrouv\u00e9e huit mois plus tard. C&rsquo;est gr\u00e2ce \u00e0 Vincent Lindon que Myl\u00e8ne a d\u00e9couvert Betty. L&rsquo;acteur avait fait une vid\u00e9o d&rsquo;elle &hellip; <a href=\"https:\/\/mig.mylene.net\/galeries-photos-mylene-farmer\/photographe-nathalie-delepine-2012-2\" class=\"more-link\">Continue reading<span class=\"screen-reader-text\"> \u00ab\u00a0Myl\u00e8ne Farmer &#8211; Photographe Nathalie Del\u00e9pine &#8211; 2012 (2)\u00a0\u00bb<\/span><\/a><\/p>\n","protected":false},"author":2,"featured_media":0,"parent":0,"menu_order":0,"comment_status":"closed","ping_status":"closed","template":"","meta":{"_acf_changed":false,"ngg_post_thumbnail":0,"footnotes":""},"class_list":["post-12470","page","type-page","status-publish","hentry"],"acf":[],"_links":{"self":[{"href":"https:\/\/mig.mylene.net\/galeries-photos-mylene-farmer\/wp-json\/wp\/v2\/pages\/12470","targetHints":{"allow":["GET"]}}],"collection":[{"href":"https:\/\/mig.mylene.net\/galeries-photos-mylene-farmer\/wp-json\/wp\/v2\/pages"}],"about":[{"href":"https:\/\/mig.mylene.net\/galeries-photos-mylene-farmer\/wp-json\/wp\/v2\/types\/page"}],"author":[{"embeddable":true,"href":"https:\/\/mig.mylene.net\/galeries-photos-mylene-farmer\/wp-json\/wp\/v2\/users\/2"}],"replies":[{"embeddable":true,"href":"https:\/\/mig.mylene.net\/galeries-photos-mylene-farmer\/wp-json\/wp\/v2\/comments?post=12470"}],"version-history":[{"count":1,"href":"https:\/\/mig.mylene.net\/galeries-photos-mylene-farmer\/wp-json\/wp\/v2\/pages\/12470\/revisions"}],"predecessor-version":[{"id":24699,"href":"https:\/\/mig.mylene.net\/galeries-photos-mylene-farmer\/wp-json\/wp\/v2\/pages\/12470\/revisions\/24699"}],"wp:attachment":[{"href":"https:\/\/mig.mylene.net\/galeries-photos-mylene-farmer\/wp-json\/wp\/v2\/media?parent=12470"}],"curies":[{"name":"wp","href":"https:\/\/api.w.org\/{rel}","templated":true}]}}