{"id":12378,"date":"2016-06-07T20:46:24","date_gmt":"2016-06-07T19:46:24","guid":{"rendered":"http:\/\/www.mylene.net\/galeries-photos-mylene-farmer\/?page_id=12378"},"modified":"2025-08-21T17:09:44","modified_gmt":"2025-08-21T15:09:44","slug":"tour-2009-rouen-31-mai-2009-photos-fans","status":"publish","type":"page","link":"https:\/\/mig.mylene.net\/galeries-photos-mylene-farmer\/tour-2009-rouen-31-mai-2009-photos-fans","title":{"rendered":"Myl\u00e8ne Farmer &#8211; Tour 2009 &#8211; Rouen &#8211; 31 mai 2009 &#8211; Photos fans"},"content":{"rendered":"ngg_shortcode_0_placeholder\n<div class=\"galerie_description\">\n<div class=\"galerie_description_table\">\n<div class=\"galerie_description_line\">\n<div class=\"title themecolored\">Photographe<\/div>\n<div class=\"content\">&#8211;<\/div>\n<\/div>\n<div class=\"galerie_description_line\">\n<div class=\"title themecolored\">Date<\/div>\n<div class=\"content\">31 mai 2009<\/div>\n<\/div>\n<div class=\"galerie_description_line\">\n<div class=\"title themecolored\">Lieu<\/div>\n<div class=\"content\">Z\u00e9nith de Rouen, France<\/div>\n<\/div>\n<\/div>\n<\/div>\n<p>&nbsp;<\/p>\n<div class=\"galerie_description_fullline with_border\">\n<p>Photos non officielles prises par des fans lors du deuxi\u00e8me concert du <em><a href=\"http:\/\/www.mylene.net\/mylene\/mylene-farmer_concerts_en-tournee-2009\">Tour 2009<\/a><\/em> au Z\u00e9nith de Rouen.<\/p>\n<\/div>\n","protected":false},"excerpt":{"rendered":"<p>&nbsp; Photographe &#8211; Date 31 mai 2009 Lieu Z\u00e9nith de Rouen, France &nbsp; Photos non officielles prises par des fans lors du deuxi\u00e8me concert du Tour 2009 au Z\u00e9nith de Rouen.<\/p>\n","protected":false},"author":2,"featured_media":0,"parent":0,"menu_order":0,"comment_status":"closed","ping_status":"closed","template":"","meta":{"_acf_changed":false,"ngg_post_thumbnail":0,"footnotes":""},"class_list":["post-12378","page","type-page","status-publish","hentry"],"acf":[],"_links":{"self":[{"href":"https:\/\/mig.mylene.net\/galeries-photos-mylene-farmer\/wp-json\/wp\/v2\/pages\/12378","targetHints":{"allow":["GET"]}}],"collection":[{"href":"https:\/\/mig.mylene.net\/galeries-photos-mylene-farmer\/wp-json\/wp\/v2\/pages"}],"about":[{"href":"https:\/\/mig.mylene.net\/galeries-photos-mylene-farmer\/wp-json\/wp\/v2\/types\/page"}],"author":[{"embeddable":true,"href":"https:\/\/mig.mylene.net\/galeries-photos-mylene-farmer\/wp-json\/wp\/v2\/users\/2"}],"replies":[{"embeddable":true,"href":"https:\/\/mig.mylene.net\/galeries-photos-mylene-farmer\/wp-json\/wp\/v2\/comments?post=12378"}],"version-history":[{"count":1,"href":"https:\/\/mig.mylene.net\/galeries-photos-mylene-farmer\/wp-json\/wp\/v2\/pages\/12378\/revisions"}],"predecessor-version":[{"id":24967,"href":"https:\/\/mig.mylene.net\/galeries-photos-mylene-farmer\/wp-json\/wp\/v2\/pages\/12378\/revisions\/24967"}],"wp:attachment":[{"href":"https:\/\/mig.mylene.net\/galeries-photos-mylene-farmer\/wp-json\/wp\/v2\/media?parent=12378"}],"curies":[{"name":"wp","href":"https:\/\/api.w.org\/{rel}","templated":true}]}}