{"id":12304,"date":"2016-06-07T19:59:50","date_gmt":"2016-06-07T18:59:50","guid":{"rendered":"http:\/\/www.mylene.net\/galeries-photos-mylene-farmer\/?page_id=12304"},"modified":"2025-03-26T10:32:24","modified_gmt":"2025-03-26T09:32:24","slug":"paris-08-janvier-2013","status":"publish","type":"page","link":"https:\/\/mig.mylene.net\/galeries-photos-mylene-farmer\/paris-08-janvier-2013","title":{"rendered":"Myl\u00e8ne Farmer &#8211; Paris &#8211; 08 janvier 2013"},"content":{"rendered":"ngg_shortcode_0_placeholder\n<div class=\"galerie_description\">\n<div class=\"galerie_description_table\">\n<div class=\"galerie_description_line\">\n<div class=\"title themecolored\">Photographe<\/div>\n<div class=\"content\">&#8211;<\/div>\n<\/div>\n<div class=\"galerie_description_line\">\n<div class=\"title themecolored\">Date<\/div>\n<div class=\"content\">08 janvier 2013<\/div>\n<\/div>\n<div class=\"galerie_description_line\">\n<div class=\"title themecolored\">Lieu<\/div>\n<div class=\"content\">Avenue Duquesne, Paris VII, France<\/div>\n<\/div>\n<\/div>\n<\/div>\n<p>&nbsp;<\/p>\n<div class=\"galerie_description_fullline with_border\">\n<p>Photo de Myl\u00e8ne promenant sa chienne Liloup avec la photographe Nathalie Del\u00e9pine devant le restaurant Lily Wang dans le 7\u00e8me arrondissement parisien.<\/p>\n<\/div>\n","protected":false},"excerpt":{"rendered":"<p>Photographe &#8211; Date 08 janvier 2013 Lieu Avenue Duquesne, Paris VII, France &nbsp; Photo de Myl\u00e8ne promenant sa chienne Liloup avec la photographe Nathalie Del\u00e9pine devant le restaurant Lily Wang dans le 7\u00e8me arrondissement parisien.<\/p>\n","protected":false},"author":2,"featured_media":0,"parent":0,"menu_order":0,"comment_status":"closed","ping_status":"closed","template":"","meta":{"_acf_changed":false,"ngg_post_thumbnail":0,"footnotes":""},"class_list":["post-12304","page","type-page","status-publish","hentry"],"acf":[],"_links":{"self":[{"href":"https:\/\/mig.mylene.net\/galeries-photos-mylene-farmer\/wp-json\/wp\/v2\/pages\/12304","targetHints":{"allow":["GET"]}}],"collection":[{"href":"https:\/\/mig.mylene.net\/galeries-photos-mylene-farmer\/wp-json\/wp\/v2\/pages"}],"about":[{"href":"https:\/\/mig.mylene.net\/galeries-photos-mylene-farmer\/wp-json\/wp\/v2\/types\/page"}],"author":[{"embeddable":true,"href":"https:\/\/mig.mylene.net\/galeries-photos-mylene-farmer\/wp-json\/wp\/v2\/users\/2"}],"replies":[{"embeddable":true,"href":"https:\/\/mig.mylene.net\/galeries-photos-mylene-farmer\/wp-json\/wp\/v2\/comments?post=12304"}],"version-history":[{"count":1,"href":"https:\/\/mig.mylene.net\/galeries-photos-mylene-farmer\/wp-json\/wp\/v2\/pages\/12304\/revisions"}],"predecessor-version":[{"id":24697,"href":"https:\/\/mig.mylene.net\/galeries-photos-mylene-farmer\/wp-json\/wp\/v2\/pages\/12304\/revisions\/24697"}],"wp:attachment":[{"href":"https:\/\/mig.mylene.net\/galeries-photos-mylene-farmer\/wp-json\/wp\/v2\/media?parent=12304"}],"curies":[{"name":"wp","href":"https:\/\/api.w.org\/{rel}","templated":true}]}}