{"id":1187,"date":"2016-05-19T17:19:46","date_gmt":"2016-05-19T16:19:46","guid":{"rendered":"http:\/\/www.mylene.net\/mfv3atw\/galeries-photos-mf\/?page_id=1187"},"modified":"2016-05-19T17:19:46","modified_gmt":"2016-05-19T16:19:46","slug":"john-frost-1983-1984","status":"publish","type":"page","link":"https:\/\/mig.mylene.net\/galeries-photos-mylene-farmer\/john-frost-1983-1984","title":{"rendered":"Myl\u00e8ne Farmer &#8211; Photographe John Frost &#8211; 1983 \/ 1984"},"content":{"rendered":"<p><p>Invalid Displayed Gallery<\/p><\/p>\n<p>&nbsp;<\/p>\n<p><p>Invalid Displayed Gallery<\/p><\/p>\n<p>&nbsp;<\/p>\n<p><p>Invalid Displayed Gallery<\/p><\/p>\n<p>&nbsp;<\/p>\n<p><p>Invalid Displayed Gallery<\/p><\/p>\n<p>&nbsp;<\/p>\n<p><p>Invalid Displayed Gallery<\/p><\/p>\n<p>&nbsp;<\/p>\n<p><p>Invalid Displayed Gallery<\/p><\/p>\n<p>&nbsp;<\/p>\n<p><p>Invalid Displayed Gallery<\/p><\/p>\n<p>&nbsp;<\/p>\n<p><p>Invalid Displayed Gallery<\/p><\/p>\n<p>&nbsp;<\/p>\n<p><p>Invalid Displayed Gallery<\/p><\/p>\n<div class=\"galerie_description\">\n<div class=\"galerie_description_table\">\n<div class=\"galerie_description_line\">\n<div class=\"title themecolored\">Photographe<\/div>\n<div class=\"content\">John Frost<\/div>\n<\/div>\n<div class=\"galerie_description_line\">\n<div class=\"title themecolored\">Dates<\/div>\n<div class=\"content\">1983 &amp; 1984<\/div>\n<\/div>\n<div class=\"galerie_description_line\">\n<div class=\"title themecolored\">Lieu<\/div>\n<div class=\"content\">Paris, France<\/div>\n<\/div>\n<\/div>\n<\/div>\n<p><\/p>\n<div class=\"galerie_description_fullline with_border\">\n<p>S\u00e9ance photos pour le single <em>Maman a tort<\/em>.<br \/>\nLa premi\u00e8re s\u00e9ance photos a \u00e9t\u00e9 r\u00e9alis\u00e9e en 1983 bien avant la sortie du 45 tours. John Frost avait rencontr\u00e9 Myl\u00e8ne qui \u00e9tait alors mannequin et l\u2019avait photographi\u00e9e en vue d\u2019un \u00e9ventuel book. Laurent Boutonnat et Myl\u00e8ne s\u00e9duits par ces clich\u00e9s utiliseront l\u2019un d\u2019entre eux pour la pochette du premier 45 Tours de Myl\u00e8ne sorti dans sa premi\u00e8re version en mars 1984. Une seconde s\u00e9ance photos avec John Frost est organis\u00e9e en 1984 pour la sortie de la seconde version du 45 Tours pendant l\u2019\u00e9t\u00e9 1984 (avec une nouvelle pochette).<\/p>\n<p><a href=\"https:\/\/www.mylene.net\/mylene\/john-frost-interview.php\" target=\"_blank\" rel=\"noopener\">Interview de John Frost<\/a><\/p>\n<\/div>\n","protected":false},"excerpt":{"rendered":"<p>Invalid Displayed Gallery &nbsp; Invalid Displayed Gallery &nbsp; Invalid Displayed Gallery &nbsp; Invalid Displayed Gallery &nbsp; Invalid Displayed Gallery &nbsp; Invalid Displayed Gallery &nbsp; Invalid Displayed Gallery &nbsp; Invalid Displayed Gallery &nbsp; Invalid Displayed Gallery Photographe John Frost Dates 1983 &amp; 1984 Lieu Paris, France S\u00e9ance photos pour le single Maman a tort. La premi\u00e8re &hellip; <a href=\"https:\/\/mig.mylene.net\/galeries-photos-mylene-farmer\/john-frost-1983-1984\" class=\"more-link\">Continue reading<span class=\"screen-reader-text\"> \u00ab\u00a0Myl\u00e8ne Farmer &#8211; Photographe John Frost &#8211; 1983 \/ 1984\u00a0\u00bb<\/span><\/a><\/p>\n","protected":false},"author":2,"featured_media":0,"parent":0,"menu_order":0,"comment_status":"closed","ping_status":"closed","template":"","meta":{"_acf_changed":false,"ngg_post_thumbnail":0,"footnotes":""},"class_list":["post-1187","page","type-page","status-publish","hentry"],"acf":[],"_links":{"self":[{"href":"https:\/\/mig.mylene.net\/galeries-photos-mylene-farmer\/wp-json\/wp\/v2\/pages\/1187","targetHints":{"allow":["GET"]}}],"collection":[{"href":"https:\/\/mig.mylene.net\/galeries-photos-mylene-farmer\/wp-json\/wp\/v2\/pages"}],"about":[{"href":"https:\/\/mig.mylene.net\/galeries-photos-mylene-farmer\/wp-json\/wp\/v2\/types\/page"}],"author":[{"embeddable":true,"href":"https:\/\/mig.mylene.net\/galeries-photos-mylene-farmer\/wp-json\/wp\/v2\/users\/2"}],"replies":[{"embeddable":true,"href":"https:\/\/mig.mylene.net\/galeries-photos-mylene-farmer\/wp-json\/wp\/v2\/comments?post=1187"}],"version-history":[{"count":1,"href":"https:\/\/mig.mylene.net\/galeries-photos-mylene-farmer\/wp-json\/wp\/v2\/pages\/1187\/revisions"}],"predecessor-version":[{"id":24127,"href":"https:\/\/mig.mylene.net\/galeries-photos-mylene-farmer\/wp-json\/wp\/v2\/pages\/1187\/revisions\/24127"}],"wp:attachment":[{"href":"https:\/\/mig.mylene.net\/galeries-photos-mylene-farmer\/wp-json\/wp\/v2\/media?parent=1187"}],"curies":[{"name":"wp","href":"https:\/\/api.w.org\/{rel}","templated":true}]}}